{"id":19198,"date":"2025-10-08T11:11:24","date_gmt":"2025-10-08T16:11:24","guid":{"rendered":"https:\/\/colcapital.org\/ventas\/?post_type=product&#038;p=19198"},"modified":"2025-11-12T11:00:59","modified_gmt":"2025-11-12T16:00:59","slug":"esg-en-real-estate-rentabilidad-responsable-externos","status":"publish","type":"product","link":"https:\/\/colcapital.org\/ventas\/producto\/esg-en-real-estate-rentabilidad-responsable-externos\/","title":{"rendered":"ESG en Real Estate: Rentabilidad Responsable (Externos)"},"content":{"rendered":"","protected":false},"excerpt":{"rendered":"<p>Aprende a integrar los criterios ambientales, sociales y de gobernanza (ESG) en la inversi\u00f3n y gesti\u00f3n inmobiliaria.<br \/>\nEste programa \u2014liderado por ColCapital y la Universidad CESA\u2014 ofrece una visi\u00f3n pr\u00e1ctica sobre c\u00f3mo aplicar la sostenibilidad en la estructuraci\u00f3n de proyectos, la gesti\u00f3n de activos y la toma de decisiones estrat\u00e9gicas.<br \/>\nFortalece tus capacidades para impulsar inversiones m\u00e1s responsables y sostenibles en la industria inmobiliaria. \u00a1Asegura\u00a0tu\u00a0cupo\u00a0ahora!<\/p>\n","protected":false},"featured_media":19197,"template":"","meta":{"_acf_changed":false,"_monsterinsights_skip_tracking":false,"_monsterinsights_sitenote_active":false,"_monsterinsights_sitenote_note":"","_monsterinsights_sitenote_category":0,"_uf_show_specific_survey":0,"_uf_disable_surveys":false,"site-sidebar-layout":"default","site-content-layout":"","ast-site-content-layout":"default","site-content-style":"default","site-sidebar-style":"default","ast-global-header-display":"","ast-banner-title-visibility":"","ast-main-header-display":"","ast-hfb-above-header-display":"","ast-hfb-below-header-display":"","ast-hfb-mobile-header-display":"","site-post-title":"","ast-breadcrumbs-content":"","ast-featured-img":"","footer-sml-layout":"","theme-transparent-header-meta":"default","adv-header-id-meta":"","stick-header-meta":"","header-above-stick-meta":"","header-main-stick-meta":"","header-below-stick-meta":"","astra-migrate-meta-layouts":"set","ast-page-background-enabled":"default","ast-page-background-meta":{"desktop":{"background-color":"","background-image":"","background-repeat":"repeat","background-position":"center center","background-size":"auto","background-attachment":"scroll","background-type":"","background-media":"","overlay-type":"","overlay-color":"","overlay-opacity":"","overlay-gradient":""},"tablet":{"background-color":"","background-image":"","background-repeat":"repeat","background-position":"center center","background-size":"auto","background-attachment":"scroll","background-type":"","background-media":"","overlay-type":"","overlay-color":"","overlay-opacity":"","overlay-gradient":""},"mobile":{"background-color":"","background-image":"","background-repeat":"repeat","background-position":"center center","background-size":"auto","background-attachment":"scroll","background-type":"","background-media":"","overlay-type":"","overlay-color":"","overlay-opacity":"","overlay-gradient":""}},"ast-content-background-meta":{"desktop":{"background-color":"var(--ast-global-color-5)","background-image":"","background-repeat":"repeat","background-position":"center center","background-size":"auto","background-attachment":"scroll","background-type":"","background-media":"","overlay-type":"","overlay-color":"","overlay-opacity":"","overlay-gradient":""},"tablet":{"background-color":"var(--ast-global-color-5)","background-image":"","background-repeat":"repeat","background-position":"center center","background-size":"auto","background-attachment":"scroll","background-type":"","background-media":"","overlay-type":"","overlay-color":"","overlay-opacity":"","overlay-gradient":""},"mobile":{"background-color":"var(--ast-global-color-5)","background-image":"","background-repeat":"repeat","background-position":"center center","background-size":"auto","background-attachment":"scroll","background-type":"","background-media":"","overlay-type":"","overlay-color":"","overlay-opacity":"","overlay-gradient":""}}},"product_brand":[],"product_cat":[122],"product_tag":[],"class_list":{"0":"post-19198","1":"product","2":"type-product","3":"status-publish","4":"has-post-thumbnail","6":"product_cat-cursos","7":"desktop-align-left","8":"tablet-align-left","9":"mobile-align-left","10":"ast-product-gallery-layout-horizontal-slider","11":"ast-product-gallery-with-no-image","12":"ast-magnify-disabled","14":"first","15":"outofstock","16":"virtual","17":"purchasable","18":"product-type-simple"},"acf":[],"_links":{"self":[{"href":"https:\/\/colcapital.org\/ventas\/wp-json\/wp\/v2\/product\/19198","targetHints":{"allow":["GET"]}}],"collection":[{"href":"https:\/\/colcapital.org\/ventas\/wp-json\/wp\/v2\/product"}],"about":[{"href":"https:\/\/colcapital.org\/ventas\/wp-json\/wp\/v2\/types\/product"}],"wp:featuredmedia":[{"embeddable":true,"href":"https:\/\/colcapital.org\/ventas\/wp-json\/wp\/v2\/media\/19197"}],"wp:attachment":[{"href":"https:\/\/colcapital.org\/ventas\/wp-json\/wp\/v2\/media?parent=19198"}],"wp:term":[{"taxonomy":"product_brand","embeddable":true,"href":"https:\/\/colcapital.org\/ventas\/wp-json\/wp\/v2\/product_brand?post=19198"},{"taxonomy":"product_cat","embeddable":true,"href":"https:\/\/colcapital.org\/ventas\/wp-json\/wp\/v2\/product_cat?post=19198"},{"taxonomy":"product_tag","embeddable":true,"href":"https:\/\/colcapital.org\/ventas\/wp-json\/wp\/v2\/product_tag?post=19198"}],"curies":[{"name":"wp","href":"https:\/\/api.w.org\/{rel}","templated":true}]}}