{"id":19112,"date":"2025-07-14T15:44:31","date_gmt":"2025-07-14T20:44:31","guid":{"rendered":"https:\/\/colcapital.org\/ventas\/?post_type=product&#038;p=19112"},"modified":"2025-08-30T08:07:48","modified_gmt":"2025-08-30T13:07:48","slug":"patrimonios-familiares","status":"publish","type":"product","link":"https:\/\/colcapital.org\/ventas\/producto\/patrimonios-familiares\/","title":{"rendered":"Programa en gesti\u00f3n de inversiones para patrimonios familiares (Early Bird)"},"content":{"rendered":"<p>Brindar a las familias empresarias una visi\u00f3n estrat\u00e9gica y herramientas pr\u00e1cticas para gobernar, administrar e invertir su capital familiar, facilitando la toma de decisiones intergeneracionales y fortaleciendo la preservaci\u00f3n y crecimiento del patrimonio en un entorno cambiante. El programa aborda buenas pr\u00e1cticas, gesti\u00f3n de riesgos, diversificaci\u00f3n, selecci\u00f3n de activos y gestores, y promueve el networking con otras familias y actores clave del ecosistema de inversi\u00f3n.<\/p>\n","protected":false},"excerpt":{"rendered":"<p>Brindar a las familias empresarias una visi\u00f3n estrat\u00e9gica y herramientas pr\u00e1cticas para gobernar, administrar e invertir su capital familiar, facilitando la toma de decisiones intergeneracionales y fortaleciendo la preservaci\u00f3n y crecimiento del patrimonio en un entorno cambiante. El programa aborda buenas pr\u00e1cticas, gesti\u00f3n de riesgos, diversificaci\u00f3n, selecci\u00f3n de activos y gestores, y promueve el networking con otras familias y actores clave del ecosistema de inversi\u00f3n.<\/p>\n","protected":false},"featured_media":19118,"template":"","meta":{"_acf_changed":false,"_monsterinsights_skip_tracking":false,"_monsterinsights_sitenote_active":false,"_monsterinsights_sitenote_note":"","_monsterinsights_sitenote_category":0,"_uf_show_specific_survey":0,"_uf_disable_surveys":false,"site-sidebar-layout":"default","site-content-layout":"","ast-site-content-layout":"default","site-content-style":"default","site-sidebar-style":"default","ast-global-header-display":"","ast-banner-title-visibility":"","ast-main-header-display":"","ast-hfb-above-header-display":"","ast-hfb-below-header-display":"","ast-hfb-mobile-header-display":"","site-post-title":"","ast-breadcrumbs-content":"","ast-featured-img":"","footer-sml-layout":"","theme-transparent-header-meta":"default","adv-header-id-meta":"","stick-header-meta":"","header-above-stick-meta":"","header-main-stick-meta":"","header-below-stick-meta":"","astra-migrate-meta-layouts":"set","ast-page-background-enabled":"default","ast-page-background-meta":{"desktop":{"background-color":"","background-image":"","background-repeat":"repeat","background-position":"center center","background-size":"auto","background-attachment":"scroll","background-type":"","background-media":"","overlay-type":"","overlay-color":"","overlay-opacity":"","overlay-gradient":""},"tablet":{"background-color":"","background-image":"","background-repeat":"repeat","background-position":"center center","background-size":"auto","background-attachment":"scroll","background-type":"","background-media":"","overlay-type":"","overlay-color":"","overlay-opacity":"","overlay-gradient":""},"mobile":{"background-color":"","background-image":"","background-repeat":"repeat","background-position":"center center","background-size":"auto","background-attachment":"scroll","background-type":"","background-media":"","overlay-type":"","overlay-color":"","overlay-opacity":"","overlay-gradient":""}},"ast-content-background-meta":{"desktop":{"background-color":"var(--ast-global-color-5)","background-image":"","background-repeat":"repeat","background-position":"center center","background-size":"auto","background-attachment":"scroll","background-type":"","background-media":"","overlay-type":"","overlay-color":"","overlay-opacity":"","overlay-gradient":""},"tablet":{"background-color":"var(--ast-global-color-5)","background-image":"","background-repeat":"repeat","background-position":"center center","background-size":"auto","background-attachment":"scroll","background-type":"","background-media":"","overlay-type":"","overlay-color":"","overlay-opacity":"","overlay-gradient":""},"mobile":{"background-color":"var(--ast-global-color-5)","background-image":"","background-repeat":"repeat","background-position":"center center","background-size":"auto","background-attachment":"scroll","background-type":"","background-media":"","overlay-type":"","overlay-color":"","overlay-opacity":"","overlay-gradient":""}}},"product_brand":[],"product_cat":[122],"product_tag":[],"class_list":{"0":"post-19112","1":"product","2":"type-product","3":"status-publish","4":"has-post-thumbnail","6":"product_cat-cursos","7":"desktop-align-left","8":"tablet-align-left","9":"mobile-align-left","10":"ast-product-gallery-layout-horizontal-slider","11":"ast-product-gallery-with-no-image","12":"ast-magnify-disabled","14":"first","15":"instock","16":"virtual","17":"purchasable","18":"product-type-simple"},"acf":[],"_links":{"self":[{"href":"https:\/\/colcapital.org\/ventas\/wp-json\/wp\/v2\/product\/19112","targetHints":{"allow":["GET"]}}],"collection":[{"href":"https:\/\/colcapital.org\/ventas\/wp-json\/wp\/v2\/product"}],"about":[{"href":"https:\/\/colcapital.org\/ventas\/wp-json\/wp\/v2\/types\/product"}],"wp:featuredmedia":[{"embeddable":true,"href":"https:\/\/colcapital.org\/ventas\/wp-json\/wp\/v2\/media\/19118"}],"wp:attachment":[{"href":"https:\/\/colcapital.org\/ventas\/wp-json\/wp\/v2\/media?parent=19112"}],"wp:term":[{"taxonomy":"product_brand","embeddable":true,"href":"https:\/\/colcapital.org\/ventas\/wp-json\/wp\/v2\/product_brand?post=19112"},{"taxonomy":"product_cat","embeddable":true,"href":"https:\/\/colcapital.org\/ventas\/wp-json\/wp\/v2\/product_cat?post=19112"},{"taxonomy":"product_tag","embeddable":true,"href":"https:\/\/colcapital.org\/ventas\/wp-json\/wp\/v2\/product_tag?post=19112"}],"curies":[{"name":"wp","href":"https:\/\/api.w.org\/{rel}","templated":true}]}}