{"id":19019,"date":"2025-04-14T11:44:13","date_gmt":"2025-04-14T16:44:13","guid":{"rendered":"https:\/\/colcapital.org\/ventas\/?post_type=product&#038;p=19019"},"modified":"2026-04-20T13:49:36","modified_gmt":"2026-04-20T18:49:36","slug":"curso-en-venture-capital","status":"publish","type":"product","link":"https:\/\/colcapital.org\/ventas\/producto\/curso-en-venture-capital\/","title":{"rendered":"Curso en Venture Capital"},"content":{"rendered":"","protected":false},"excerpt":{"rendered":"<p>\u00a1Inscr\u00edbete en el curso m\u00e1s completo sobre venture capital!<\/p>\n<p>Aprende c\u00f3mo funcionan los fondos de capital emprendedor, domina el ciclo de inversi\u00f3n, conoce los instrumentos clave, y profundiza en t\u00e9cnicas de valoraci\u00f3n, estructuraci\u00f3n legal y gesti\u00f3n de portafolios.<\/p>\n<p>Incluye sesiones con invitados especiales y casos reales. Ideal para quienes quieren liderar o invertir en el ecosistema emprendedor.<\/p>\n<p>\u00a1Aprovecha esta oportunidad \u00fanica de formaci\u00f3n estrat\u00e9gica!<\/p>\n<p><span style=\"color: #ff0000;\">*Para cualquier duda o inquietud por favor contactar a Daniela Villa &#8211; <a style=\"color: #ff0000;\" href=\"mailto:dvilla@colcapital.org\">dvilla@colcapital.org<\/a><\/span><\/p>\n<p><span style=\"color: #ff0000;\">*Si vas a registrar a 3 personas o m\u00e1s al curso, tienes un 5% de descuento sobre el valor total, por favor escribe a Daniela Villa para hacer uso del beneficio &#8211; <a style=\"color: #ff0000;\" href=\"mailto:dvilla@colcapital.org\">dvilla@colcapital.org<\/a><\/span><\/p>\n","protected":false},"featured_media":20081,"template":"","meta":{"_acf_changed":false,"_monsterinsights_skip_tracking":false,"_monsterinsights_sitenote_active":false,"_monsterinsights_sitenote_note":"","_monsterinsights_sitenote_category":0,"_uf_show_specific_survey":0,"_uf_disable_surveys":false,"site-sidebar-layout":"default","site-content-layout":"","ast-site-content-layout":"default","site-content-style":"default","site-sidebar-style":"default","ast-global-header-display":"","ast-banner-title-visibility":"","ast-main-header-display":"","ast-hfb-above-header-display":"","ast-hfb-below-header-display":"","ast-hfb-mobile-header-display":"","site-post-title":"","ast-breadcrumbs-content":"","ast-featured-img":"","footer-sml-layout":"","theme-transparent-header-meta":"default","adv-header-id-meta":"","stick-header-meta":"","header-above-stick-meta":"","header-main-stick-meta":"","header-below-stick-meta":"","astra-migrate-meta-layouts":"set","ast-page-background-enabled":"default","ast-page-background-meta":{"desktop":{"background-color":"","background-image":"","background-repeat":"repeat","background-position":"center center","background-size":"auto","background-attachment":"scroll","background-type":"","background-media":"","overlay-type":"","overlay-color":"","overlay-opacity":"","overlay-gradient":""},"tablet":{"background-color":"","background-image":"","background-repeat":"repeat","background-position":"center center","background-size":"auto","background-attachment":"scroll","background-type":"","background-media":"","overlay-type":"","overlay-color":"","overlay-opacity":"","overlay-gradient":""},"mobile":{"background-color":"","background-image":"","background-repeat":"repeat","background-position":"center center","background-size":"auto","background-attachment":"scroll","background-type":"","background-media":"","overlay-type":"","overlay-color":"","overlay-opacity":"","overlay-gradient":""}},"ast-content-background-meta":{"desktop":{"background-color":"var(--ast-global-color-5)","background-image":"","background-repeat":"repeat","background-position":"center center","background-size":"auto","background-attachment":"scroll","background-type":"","background-media":"","overlay-type":"","overlay-color":"","overlay-opacity":"","overlay-gradient":""},"tablet":{"background-color":"var(--ast-global-color-5)","background-image":"","background-repeat":"repeat","background-position":"center center","background-size":"auto","background-attachment":"scroll","background-type":"","background-media":"","overlay-type":"","overlay-color":"","overlay-opacity":"","overlay-gradient":""},"mobile":{"background-color":"var(--ast-global-color-5)","background-image":"","background-repeat":"repeat","background-position":"center center","background-size":"auto","background-attachment":"scroll","background-type":"","background-media":"","overlay-type":"","overlay-color":"","overlay-opacity":"","overlay-gradient":""}}},"product_brand":[],"product_cat":[122],"product_tag":[],"class_list":{"0":"post-19019","1":"product","2":"type-product","3":"status-publish","4":"has-post-thumbnail","6":"product_cat-cursos","7":"desktop-align-left","8":"tablet-align-left","9":"mobile-align-left","10":"ast-product-gallery-layout-horizontal-slider","11":"ast-product-gallery-with-no-image","12":"ast-magnify-disabled","14":"first","15":"instock","16":"virtual","17":"purchasable","18":"product-type-simple"},"acf":[],"_links":{"self":[{"href":"https:\/\/colcapital.org\/ventas\/wp-json\/wp\/v2\/product\/19019","targetHints":{"allow":["GET"]}}],"collection":[{"href":"https:\/\/colcapital.org\/ventas\/wp-json\/wp\/v2\/product"}],"about":[{"href":"https:\/\/colcapital.org\/ventas\/wp-json\/wp\/v2\/types\/product"}],"wp:featuredmedia":[{"embeddable":true,"href":"https:\/\/colcapital.org\/ventas\/wp-json\/wp\/v2\/media\/20081"}],"wp:attachment":[{"href":"https:\/\/colcapital.org\/ventas\/wp-json\/wp\/v2\/media?parent=19019"}],"wp:term":[{"taxonomy":"product_brand","embeddable":true,"href":"https:\/\/colcapital.org\/ventas\/wp-json\/wp\/v2\/product_brand?post=19019"},{"taxonomy":"product_cat","embeddable":true,"href":"https:\/\/colcapital.org\/ventas\/wp-json\/wp\/v2\/product_cat?post=19019"},{"taxonomy":"product_tag","embeddable":true,"href":"https:\/\/colcapital.org\/ventas\/wp-json\/wp\/v2\/product_tag?post=19019"}],"curies":[{"name":"wp","href":"https:\/\/api.w.org\/{rel}","templated":true}]}}