{"id":18115,"date":"2024-12-11T15:49:48","date_gmt":"2024-12-11T20:49:48","guid":{"rendered":"https:\/\/colcapital.org\/ventas\/?post_type=product&#038;p=18115"},"modified":"2026-03-09T12:59:48","modified_gmt":"2026-03-09T17:59:48","slug":"9vo-congreso-de-capital-privado-y-capital-emprendedor-2026","status":"publish","type":"product","link":"https:\/\/colcapital.org\/ventas\/producto\/9vo-congreso-de-capital-privado-y-capital-emprendedor-2026\/","title":{"rendered":"9vo Congreso de Capital Privado y Capital Emprendedor 2026"},"content":{"rendered":"","protected":false},"excerpt":{"rendered":"<p>El evento m\u00e1s destacado de la industria de capital privado y emprendedor en Colombia. \u00danete a l\u00edderes del sector para analizar tendencias clave, participar en paneles y mesas de trabajo, y disfrutar de un exclusivo Demo Day que conecta inversi\u00f3n y emprendimiento.<\/p>\n<p>Networking de primer nivel y beneficios exclusivos para miembros: \u00a1Accede a tarifa preferencial con tu c\u00f3digo!<\/p>\n<p><span style=\"color: #ff0000;\">* El c\u00f3digo para descuento de miembros fue enviado a su correo, si no lo recibio o quiere confirmar si es miembro, por favor comunicarse con Andrea Durango &#8211; adurango@colcapital.org<\/span><\/p>\n","protected":false},"featured_media":19291,"template":"","meta":{"_acf_changed":false,"_monsterinsights_skip_tracking":false,"_monsterinsights_sitenote_active":false,"_monsterinsights_sitenote_note":"","_monsterinsights_sitenote_category":0,"_uf_show_specific_survey":0,"_uf_disable_surveys":false,"site-sidebar-layout":"default","site-content-layout":"","ast-site-content-layout":"default","site-content-style":"default","site-sidebar-style":"default","ast-global-header-display":"","ast-banner-title-visibility":"","ast-main-header-display":"","ast-hfb-above-header-display":"","ast-hfb-below-header-display":"","ast-hfb-mobile-header-display":"","site-post-title":"","ast-breadcrumbs-content":"","ast-featured-img":"","footer-sml-layout":"","theme-transparent-header-meta":"default","adv-header-id-meta":"","stick-header-meta":"","header-above-stick-meta":"","header-main-stick-meta":"","header-below-stick-meta":"","astra-migrate-meta-layouts":"set","ast-page-background-enabled":"default","ast-page-background-meta":{"desktop":{"background-color":"","background-image":"","background-repeat":"repeat","background-position":"center center","background-size":"auto","background-attachment":"scroll","background-type":"","background-media":"","overlay-type":"","overlay-color":"","overlay-opacity":"","overlay-gradient":""},"tablet":{"background-color":"","background-image":"","background-repeat":"repeat","background-position":"center center","background-size":"auto","background-attachment":"scroll","background-type":"","background-media":"","overlay-type":"","overlay-color":"","overlay-opacity":"","overlay-gradient":""},"mobile":{"background-color":"","background-image":"","background-repeat":"repeat","background-position":"center center","background-size":"auto","background-attachment":"scroll","background-type":"","background-media":"","overlay-type":"","overlay-color":"","overlay-opacity":"","overlay-gradient":""}},"ast-content-background-meta":{"desktop":{"background-color":"var(--ast-global-color-5)","background-image":"","background-repeat":"repeat","background-position":"center center","background-size":"auto","background-attachment":"scroll","background-type":"","background-media":"","overlay-type":"","overlay-color":"","overlay-opacity":"","overlay-gradient":""},"tablet":{"background-color":"var(--ast-global-color-5)","background-image":"","background-repeat":"repeat","background-position":"center center","background-size":"auto","background-attachment":"scroll","background-type":"","background-media":"","overlay-type":"","overlay-color":"","overlay-opacity":"","overlay-gradient":""},"mobile":{"background-color":"var(--ast-global-color-5)","background-image":"","background-repeat":"repeat","background-position":"center center","background-size":"auto","background-attachment":"scroll","background-type":"","background-media":"","overlay-type":"","overlay-color":"","overlay-opacity":"","overlay-gradient":""}}},"product_brand":[],"product_cat":[135],"product_tag":[],"class_list":{"0":"post-18115","1":"product","2":"type-product","3":"status-publish","4":"has-post-thumbnail","6":"product_cat-eventos","7":"desktop-align-left","8":"tablet-align-left","9":"mobile-align-left","10":"ast-product-gallery-layout-horizontal-slider","11":"ast-product-gallery-with-no-image","12":"ast-magnify-disabled","14":"first","15":"outofstock","16":"virtual","17":"purchasable","18":"product-type-simple"},"acf":[],"_links":{"self":[{"href":"https:\/\/colcapital.org\/ventas\/wp-json\/wp\/v2\/product\/18115","targetHints":{"allow":["GET"]}}],"collection":[{"href":"https:\/\/colcapital.org\/ventas\/wp-json\/wp\/v2\/product"}],"about":[{"href":"https:\/\/colcapital.org\/ventas\/wp-json\/wp\/v2\/types\/product"}],"wp:featuredmedia":[{"embeddable":true,"href":"https:\/\/colcapital.org\/ventas\/wp-json\/wp\/v2\/media\/19291"}],"wp:attachment":[{"href":"https:\/\/colcapital.org\/ventas\/wp-json\/wp\/v2\/media?parent=18115"}],"wp:term":[{"taxonomy":"product_brand","embeddable":true,"href":"https:\/\/colcapital.org\/ventas\/wp-json\/wp\/v2\/product_brand?post=18115"},{"taxonomy":"product_cat","embeddable":true,"href":"https:\/\/colcapital.org\/ventas\/wp-json\/wp\/v2\/product_cat?post=18115"},{"taxonomy":"product_tag","embeddable":true,"href":"https:\/\/colcapital.org\/ventas\/wp-json\/wp\/v2\/product_tag?post=18115"}],"curies":[{"name":"wp","href":"https:\/\/api.w.org\/{rel}","templated":true}]}}