{"id":17797,"date":"2024-09-25T10:52:00","date_gmt":"2024-09-25T15:52:00","guid":{"rendered":"https:\/\/colcapital.org\/ventas\/?post_type=product&#038;p=17797"},"modified":"2025-11-18T12:00:17","modified_gmt":"2025-11-18T17:00:17","slug":"reconocimientos_2025","status":"publish","type":"product","link":"https:\/\/colcapital.org\/ventas\/producto\/reconocimientos_2025\/","title":{"rendered":"Reconocimientos a la industria de capital privado 2025"},"content":{"rendered":"<p>\u00a1No te pierdas los Reconocimientos a la Industria de Capital Privado 2025! Celebra los casos de \u00e9xito de la industria de capital privado y capital emprendedor que impulsan el desarrollo econ\u00f3mico del pa\u00eds. Te invitamos a participar en este evento exclusivo para miembros de la Asociaci\u00f3n, inversionistas y aliados.<\/p>\n","protected":false},"excerpt":{"rendered":"<p>\u00a1No te pierdas los Reconocimientos a la Industria de Capital Privado 2025! Celebra los casos de \u00e9xito de la industria de capital privado y capital emprendedor que impulsan el desarrollo econ\u00f3mico del pa\u00eds. Te invitamos a participar en este evento exclusivo para miembros de la Asociaci\u00f3n, inversionistas y aliados.<\/p>\n<p>\ud83d\udcc5 Fecha: 19 de noviembre<br \/>\n\ud83d\udccd Lugar: Salvio Parque 93<\/p>\n<p>Si eres miembro de ColCapital, \u00a1compra tu boleta aqu\u00ed y asegura tu lugar en este evento exclusivo!<\/p>\n<h5>\u2666 <span style=\"color: #ff0000;\">Este evento es exclusivo para miembros\u00a0 de la Asociaci\u00f3n si tienes dudas sobre tu membres\u00eda consultar con <a class=\"autolinked\" style=\"color: #ff0000;\" href=\"mailto:adurango@colcapital.org\" target=\"_blank\" rel=\"noopener noreferrer\" data-behavior=\"truncate\">adurango@colcapital.org<\/a>\u00a0ya que no estar\u00e1 abierto a externos, incluso si estos\u00a0 han adquirido la boleta.<\/span><\/h5>\n<p>\u2666 En caso de no ser miembro de ColCapital y haber pagado la boleta de entrada, ColCapital no se har\u00e1 responsable de reembolsos.<\/p>\n","protected":false},"featured_media":19150,"template":"","meta":{"_acf_changed":false,"_monsterinsights_skip_tracking":false,"_monsterinsights_sitenote_active":false,"_monsterinsights_sitenote_note":"","_monsterinsights_sitenote_category":0,"_uf_show_specific_survey":0,"_uf_disable_surveys":false,"site-sidebar-layout":"default","site-content-layout":"","ast-site-content-layout":"default","site-content-style":"default","site-sidebar-style":"default","ast-global-header-display":"","ast-banner-title-visibility":"","ast-main-header-display":"","ast-hfb-above-header-display":"","ast-hfb-below-header-display":"","ast-hfb-mobile-header-display":"","site-post-title":"","ast-breadcrumbs-content":"","ast-featured-img":"","footer-sml-layout":"","theme-transparent-header-meta":"default","adv-header-id-meta":"","stick-header-meta":"","header-above-stick-meta":"","header-main-stick-meta":"","header-below-stick-meta":"","astra-migrate-meta-layouts":"set","ast-page-background-enabled":"default","ast-page-background-meta":{"desktop":{"background-color":"","background-image":"","background-repeat":"repeat","background-position":"center center","background-size":"auto","background-attachment":"scroll","background-type":"","background-media":"","overlay-type":"","overlay-color":"","overlay-opacity":"","overlay-gradient":""},"tablet":{"background-color":"","background-image":"","background-repeat":"repeat","background-position":"center center","background-size":"auto","background-attachment":"scroll","background-type":"","background-media":"","overlay-type":"","overlay-color":"","overlay-opacity":"","overlay-gradient":""},"mobile":{"background-color":"","background-image":"","background-repeat":"repeat","background-position":"center center","background-size":"auto","background-attachment":"scroll","background-type":"","background-media":"","overlay-type":"","overlay-color":"","overlay-opacity":"","overlay-gradient":""}},"ast-content-background-meta":{"desktop":{"background-color":"var(--ast-global-color-5)","background-image":"","background-repeat":"repeat","background-position":"center center","background-size":"auto","background-attachment":"scroll","background-type":"","background-media":"","overlay-type":"","overlay-color":"","overlay-opacity":"","overlay-gradient":""},"tablet":{"background-color":"var(--ast-global-color-5)","background-image":"","background-repeat":"repeat","background-position":"center center","background-size":"auto","background-attachment":"scroll","background-type":"","background-media":"","overlay-type":"","overlay-color":"","overlay-opacity":"","overlay-gradient":""},"mobile":{"background-color":"var(--ast-global-color-5)","background-image":"","background-repeat":"repeat","background-position":"center center","background-size":"auto","background-attachment":"scroll","background-type":"","background-media":"","overlay-type":"","overlay-color":"","overlay-opacity":"","overlay-gradient":""}}},"product_brand":[],"product_cat":[135],"product_tag":[],"class_list":{"0":"post-17797","1":"product","2":"type-product","3":"status-publish","4":"has-post-thumbnail","6":"product_cat-eventos","7":"desktop-align-left","8":"tablet-align-left","9":"mobile-align-left","10":"ast-product-gallery-layout-horizontal-slider","11":"ast-product-gallery-with-no-image","12":"ast-magnify-disabled","14":"first","15":"outofstock","16":"virtual","17":"purchasable","18":"product-type-simple"},"acf":[],"_links":{"self":[{"href":"https:\/\/colcapital.org\/ventas\/wp-json\/wp\/v2\/product\/17797","targetHints":{"allow":["GET"]}}],"collection":[{"href":"https:\/\/colcapital.org\/ventas\/wp-json\/wp\/v2\/product"}],"about":[{"href":"https:\/\/colcapital.org\/ventas\/wp-json\/wp\/v2\/types\/product"}],"wp:featuredmedia":[{"embeddable":true,"href":"https:\/\/colcapital.org\/ventas\/wp-json\/wp\/v2\/media\/19150"}],"wp:attachment":[{"href":"https:\/\/colcapital.org\/ventas\/wp-json\/wp\/v2\/media?parent=17797"}],"wp:term":[{"taxonomy":"product_brand","embeddable":true,"href":"https:\/\/colcapital.org\/ventas\/wp-json\/wp\/v2\/product_brand?post=17797"},{"taxonomy":"product_cat","embeddable":true,"href":"https:\/\/colcapital.org\/ventas\/wp-json\/wp\/v2\/product_cat?post=17797"},{"taxonomy":"product_tag","embeddable":true,"href":"https:\/\/colcapital.org\/ventas\/wp-json\/wp\/v2\/product_tag?post=17797"}],"curies":[{"name":"wp","href":"https:\/\/api.w.org\/{rel}","templated":true}]}}