{"id":17758,"date":"2024-09-06T17:42:54","date_gmt":"2024-09-06T22:42:54","guid":{"rendered":"https:\/\/colcapital.org\/ventas\/?page_id=17758"},"modified":"2024-09-16T18:58:14","modified_gmt":"2024-09-16T23:58:14","slug":"preguntas_frecuentes","status":"publish","type":"page","link":"https:\/\/colcapital.org\/ventas\/preguntas_frecuentes\/","title":{"rendered":"Preguntas Frecuentes"},"content":{"rendered":"\n<p>PREGUNTAS FRECUENTES SOBRE PAGOS ELECTR\u00d3NICOS<\/p>\n\n\n\n<p>En este documento, usted encontrar\u00e1 una secci\u00f3n de preguntas y respuestas que le ayudar\u00e1 a sus usuarios a aclarar sus dudas sobre los pagos electr\u00f3nicos procesados a trav\u00e9s de Evertec Placetopay.&nbsp; Recuerde que debe incluirlas en su sitio web.<\/p>\n\n\n\n<p>\u2022&nbsp;&nbsp;&nbsp;&nbsp;&nbsp;&nbsp;&nbsp;&nbsp;&nbsp;&nbsp;&nbsp; \u00bfQu\u00e9 es Evertec Placetopay?<\/p>\n\n\n\n<p>Evertec Placetopay es la plataforma de pagos electr\u00f3nicos que usa <strong>ColCapital<\/strong> para procesar en l\u00ednea las transacciones generadas en la tienda virtual con las formas de pago habilitadas para tal fin.\u00a0<\/p>\n\n\n\n<p>\u2022&nbsp;&nbsp;&nbsp;&nbsp;&nbsp;&nbsp;&nbsp;&nbsp;&nbsp;&nbsp;&nbsp; \u00bfC\u00f3mo puedo pagar?<\/p>\n\n\n\n<p>En la tienda virtual de <strong>ColCapital<\/strong> usted podr\u00e1 realizar su pago con los medios habilitados para tal fin. Usted, de acuerdo con las opciones de pago escogidas por el comercio, podr\u00e1 pagar a trav\u00e9s de <strong>tarjetas de cr\u00e9dito, tarjetas de d\u00e9bito, billeteras electr\u00f3nicas y transferencias bancarias.<\/strong><\/p>\n\n\n\n<p>\u2022&nbsp;&nbsp;&nbsp;&nbsp;&nbsp;&nbsp;&nbsp;&nbsp;&nbsp;&nbsp;&nbsp; \u00bfEs seguro ingresar mis datos bancarios en este sitio web?<\/p>\n\n\n\n<p>Para proteger tus datos\u2002<strong>ColCapital<\/strong> delega en Evertec Placetopay la captura de la informaci\u00f3n sensible. Nuestra plataforma de pagos cumple con los m\u00e1s altos est\u00e1ndares exigidos por la norma internacional PCI DSS de seguridad en transacciones con tarjeta de cr\u00e9dito. Adem\u00e1s, tiene certificado de seguridad SSL expedido por GeoTrust una compa\u00f1\u00eda Verisign, el cual garantiza comunicaciones seguras mediante la encriptaci\u00f3n de todos los datos hacia y desde el sitio; de esta manera te podr\u00e1s sentir seguro a la hora de ingresar la informaci\u00f3n de su tarjeta.<\/p>\n\n\n\n<p>Durante el proceso de pago, en el navegador se muestra el nombre de la organizaci\u00f3n autenticada, la autoridad que lo certifica y la barra de direcci\u00f3n cambia a color verde. Estas caracter\u00edsticas son visibles de inmediato y dan garant\u00eda y confianza para completar la transacci\u00f3n en Evetec Placetopay.<\/p>\n\n\n\n<p>Evertec Placetopay tambi\u00e9n cuenta con el monitoreo constante de McAfee Secure y la firma de mensajes electr\u00f3nicos con Certic\u00e1mara.<\/p>\n\n\n\n<p>\u2022&nbsp;&nbsp;&nbsp;&nbsp;&nbsp;&nbsp;&nbsp;&nbsp;&nbsp;&nbsp;&nbsp; \u00bfPuedo realizar el pago cualquier d\u00eda y a cualquier hora?<\/p>\n\n\n\n<p>S\u00ed, en <strong>ColCapital<\/strong> podr\u00e1s realizar tus compras en l\u00ednea los 7 d\u00edas de la semana, las 24 horas del d\u00eda a s\u00f3lo un clic de distancia.<\/p>\n\n\n\n<p>\u2022&nbsp;&nbsp;&nbsp;&nbsp;&nbsp;&nbsp;&nbsp;&nbsp;&nbsp;&nbsp;&nbsp; \u00bfPuedo cambiar la forma de pago?<\/p>\n\n\n\n<p>Si a\u00fan no has finalizado tu pago, podr\u00e1s volver al paso inicial y elegir la forma de pago que prefieras. Una vez finalizada la compra no es posible cambiar la forma de pago.<\/p>\n\n\n\n<p>\u2022&nbsp;&nbsp;&nbsp;&nbsp;&nbsp;&nbsp;&nbsp;&nbsp;&nbsp;&nbsp;&nbsp; \u00bfPagar electr\u00f3nicamente tiene alg\u00fan valor para m\u00ed como comprador?<\/p>\n\n\n\n<p>No, los pagos electr\u00f3nicos realizados a trav\u00e9s de Evertec Placetopay no generan costos adicionales para el comprador.<\/p>\n\n\n\n<p>\u2022&nbsp;&nbsp;&nbsp;&nbsp;&nbsp;&nbsp;&nbsp;&nbsp;&nbsp;&nbsp;&nbsp; \u00bfQu\u00e9 debo hacer si mi transacci\u00f3n no concluy\u00f3?<\/p>\n\n\n\n<p>En primera instancia, revisar si lleg\u00f3 un email de confirmaci\u00f3n de la transacci\u00f3n a la cuenta de correo electr\u00f3nico inscrita en el momento de realizar el pago, en caso de no haberlo recibido, deber\u00e1s contactar a <strong>Nathaly L\u00f3pez, coordinadora administrativa<\/strong>  para confirmar el estado de la transacci\u00f3n.<\/p>\n\n\n\n<p>\u2022&nbsp;&nbsp;&nbsp;&nbsp;&nbsp;&nbsp;&nbsp;&nbsp;&nbsp;&nbsp;&nbsp; \u00bfQu\u00e9 debo hacer si no recib\u00ed el comprobante de pago?<\/p>\n\n\n\n<p>Por cada transacci\u00f3n aprobada a trav\u00e9s de Evertec Placetopay, recibir\u00e1s un comprobante del pago con la referencia de compra en la direcci\u00f3n de correo electr\u00f3nico que indicaste al momento de pagar.<\/p>\n\n\n\n<p>Si no lo recibes, podr\u00e1s contactar a <strong>Nathaly L\u00f3pez, coordinadora administrativa<\/strong> o a la l\u00ednea 601-3906707 o al correo electr\u00f3nico\u00a0<a href=\"mailto:nlopez@colcapital.org\" target=\"_blank\" rel=\"noreferrer noopener\">nlopez@colcapital.org<\/a>, para solicitar el reenv\u00edo del comprobante a la misma direcci\u00f3n de correo electr\u00f3nico registrada al momento de pagar.<\/p>\n","protected":false},"excerpt":{"rendered":"<p>PREGUNTAS FRECUENTES SOBRE PAGOS ELECTR\u00d3NICOS En este documento, usted encontrar\u00e1 una secci\u00f3n de preguntas y respuestas que le ayudar\u00e1 a sus usuarios a aclarar sus dudas sobre los pagos electr\u00f3nicos procesados a trav\u00e9s de Evertec Placetopay.&nbsp; Recuerde que debe incluirlas en su sitio web. \u2022&nbsp;&nbsp;&nbsp;&nbsp;&nbsp;&nbsp;&nbsp;&nbsp;&nbsp;&nbsp;&nbsp; \u00bfQu\u00e9 es Evertec Placetopay? Evertec Placetopay es la plataforma de [&hellip;]<\/p>\n","protected":false},"author":1,"featured_media":0,"parent":0,"menu_order":0,"comment_status":"closed","ping_status":"closed","template":"","meta":{"_acf_changed":false,"_monsterinsights_skip_tracking":false,"_monsterinsights_sitenote_active":false,"_monsterinsights_sitenote_note":"","_monsterinsights_sitenote_category":0,"_uf_show_specific_survey":0,"_uf_disable_surveys":false,"site-sidebar-layout":"default","site-content-layout":"","ast-site-content-layout":"default","site-content-style":"default","site-sidebar-style":"default","ast-global-header-display":"","ast-banner-title-visibility":"","ast-main-header-display":"","ast-hfb-above-header-display":"","ast-hfb-below-header-display":"","ast-hfb-mobile-header-display":"","site-post-title":"","ast-breadcrumbs-content":"","ast-featured-img":"","footer-sml-layout":"","theme-transparent-header-meta":"","adv-header-id-meta":"","stick-header-meta":"","header-above-stick-meta":"","header-main-stick-meta":"","header-below-stick-meta":"","astra-migrate-meta-layouts":"set","ast-page-background-enabled":"default","ast-page-background-meta":{"desktop":{"background-color":"","background-image":"","background-repeat":"repeat","background-position":"center center","background-size":"auto","background-attachment":"scroll","background-type":"","background-media":"","overlay-type":"","overlay-color":"","overlay-opacity":"","overlay-gradient":""},"tablet":{"background-color":"","background-image":"","background-repeat":"repeat","background-position":"center center","background-size":"auto","background-attachment":"scroll","background-type":"","background-media":"","overlay-type":"","overlay-color":"","overlay-opacity":"","overlay-gradient":""},"mobile":{"background-color":"","background-image":"","background-repeat":"repeat","background-position":"center center","background-size":"auto","background-attachment":"scroll","background-type":"","background-media":"","overlay-type":"","overlay-color":"","overlay-opacity":"","overlay-gradient":""}},"ast-content-background-meta":{"desktop":{"background-color":"var(--ast-global-color-5)","background-image":"","background-repeat":"repeat","background-position":"center center","background-size":"auto","background-attachment":"scroll","background-type":"","background-media":"","overlay-type":"","overlay-color":"","overlay-opacity":"","overlay-gradient":""},"tablet":{"background-color":"var(--ast-global-color-5)","background-image":"","background-repeat":"repeat","background-position":"center center","background-size":"auto","background-attachment":"scroll","background-type":"","background-media":"","overlay-type":"","overlay-color":"","overlay-opacity":"","overlay-gradient":""},"mobile":{"background-color":"var(--ast-global-color-5)","background-image":"","background-repeat":"repeat","background-position":"center center","background-size":"auto","background-attachment":"scroll","background-type":"","background-media":"","overlay-type":"","overlay-color":"","overlay-opacity":"","overlay-gradient":""}},"footnotes":""},"class_list":["post-17758","page","type-page","status-publish","hentry"],"acf":[],"_links":{"self":[{"href":"https:\/\/colcapital.org\/ventas\/wp-json\/wp\/v2\/pages\/17758","targetHints":{"allow":["GET"]}}],"collection":[{"href":"https:\/\/colcapital.org\/ventas\/wp-json\/wp\/v2\/pages"}],"about":[{"href":"https:\/\/colcapital.org\/ventas\/wp-json\/wp\/v2\/types\/page"}],"author":[{"embeddable":true,"href":"https:\/\/colcapital.org\/ventas\/wp-json\/wp\/v2\/users\/1"}],"replies":[{"embeddable":true,"href":"https:\/\/colcapital.org\/ventas\/wp-json\/wp\/v2\/comments?post=17758"}],"version-history":[{"count":3,"href":"https:\/\/colcapital.org\/ventas\/wp-json\/wp\/v2\/pages\/17758\/revisions"}],"predecessor-version":[{"id":17780,"href":"https:\/\/colcapital.org\/ventas\/wp-json\/wp\/v2\/pages\/17758\/revisions\/17780"}],"wp:attachment":[{"href":"https:\/\/colcapital.org\/ventas\/wp-json\/wp\/v2\/media?parent=17758"}],"curies":[{"name":"wp","href":"https:\/\/api.w.org\/{rel}","templated":true}]}}