{"id":17644,"date":"2024-07-22T13:34:49","date_gmt":"2024-07-22T18:34:49","guid":{"rendered":"https:\/\/colcapital.org\/ventas\/?post_type=product&#038;p=17644"},"modified":"2026-02-06T15:05:44","modified_gmt":"2026-02-06T20:05:44","slug":"anuario","status":"publish","type":"product","link":"https:\/\/colcapital.org\/ventas\/en\/product\/anuario\/","title":{"rendered":"Anuario"},"content":{"rendered":"<p>\u00a1Descubre el Anuario de la Industria de Fondos de Capital Privado en Colombia! Este exhaustivo anuario ofrece un panorama detallado de los fondos bajo administraci\u00f3n, portafolios de activos y pol\u00edticas de inversi\u00f3n de los principales gestores profesionales en el pa\u00eds. Adem\u00e1s, incluye perfiles y servicios de asesores legales, bancas de inversi\u00f3n, bancos comerciales y de desarrollo, fondos de fondos, proveedores de precios, firmas de servicios profesionales, sociedades administradoras, titularizaciones y valoradores independientes.<\/p>\n<p><strong>Si eres miembro de ColCapital<\/strong>, disfruta de acceso gratuito con tu c\u00f3digo especial. (Si no lo tienes, por favor comun\u00edcate con Camilo Alarc\u00f3n \u2013 calarcon@colcapital.org )<\/p>","protected":false},"excerpt":{"rendered":"<p><span style=\"font-size: 16px;\">\u00a1Descubre el Anuario de la Industria de Fondos de Capital Privado en Colombia! Este exhaustivo anuario ofrece un panorama detallado de los fondos bajo administraci\u00f3n, portafolios de activos y pol\u00edticas de inversi\u00f3n de los principales gestores profesionales en el pa\u00eds. Adem\u00e1s, incluye perfiles y servicios de asesores legales, bancas de inversi\u00f3n, bancos comerciales y de desarrollo, fondos de fondos, proveedores de precios, firmas de servicios profesionales, sociedades administradoras, titularizaciones y valoradores independientes.<\/span><\/p>\n<div class=\"justified-text\">\n<p><strong>Si eres miembro de ColCapital,<\/strong> disfruta de acceso gratuito con tu c\u00f3digo especial. (Si no lo tienes, por favor comun\u00edcate con Camilo Alarc\u00f3n &#8211; <a href=\"mailto:calarcon@colcapital.org\">calarcon@colcapital.org<\/a> )<\/p>\n<\/div>\n<p>&nbsp;<\/p>","protected":false},"featured_media":19099,"template":"","meta":{"_acf_changed":false,"_monsterinsights_skip_tracking":false,"_monsterinsights_sitenote_active":false,"_monsterinsights_sitenote_note":"","_monsterinsights_sitenote_category":0,"_uf_show_specific_survey":0,"_uf_disable_surveys":false,"site-sidebar-layout":"default","site-content-layout":"","ast-site-content-layout":"default","site-content-style":"default","site-sidebar-style":"default","ast-global-header-display":"","ast-banner-title-visibility":"","ast-main-header-display":"","ast-hfb-above-header-display":"","ast-hfb-below-header-display":"","ast-hfb-mobile-header-display":"","site-post-title":"","ast-breadcrumbs-content":"","ast-featured-img":"","footer-sml-layout":"","theme-transparent-header-meta":"default","adv-header-id-meta":"","stick-header-meta":"","header-above-stick-meta":"","header-main-stick-meta":"","header-below-stick-meta":"","astra-migrate-meta-layouts":"set","ast-page-background-enabled":"default","ast-page-background-meta":{"desktop":{"background-color":"","background-image":"","background-repeat":"repeat","background-position":"center center","background-size":"auto","background-attachment":"scroll","background-type":"","background-media":"","overlay-type":"","overlay-color":"","overlay-opacity":"","overlay-gradient":""},"tablet":{"background-color":"","background-image":"","background-repeat":"repeat","background-position":"center center","background-size":"auto","background-attachment":"scroll","background-type":"","background-media":"","overlay-type":"","overlay-color":"","overlay-opacity":"","overlay-gradient":""},"mobile":{"background-color":"","background-image":"","background-repeat":"repeat","background-position":"center center","background-size":"auto","background-attachment":"scroll","background-type":"","background-media":"","overlay-type":"","overlay-color":"","overlay-opacity":"","overlay-gradient":""}},"ast-content-background-meta":{"desktop":{"background-color":"var(--ast-global-color-5)","background-image":"","background-repeat":"repeat","background-position":"center center","background-size":"auto","background-attachment":"scroll","background-type":"","background-media":"","overlay-type":"","overlay-color":"","overlay-opacity":"","overlay-gradient":""},"tablet":{"background-color":"var(--ast-global-color-5)","background-image":"","background-repeat":"repeat","background-position":"center center","background-size":"auto","background-attachment":"scroll","background-type":"","background-media":"","overlay-type":"","overlay-color":"","overlay-opacity":"","overlay-gradient":""},"mobile":{"background-color":"var(--ast-global-color-5)","background-image":"","background-repeat":"repeat","background-position":"center center","background-size":"auto","background-attachment":"scroll","background-type":"","background-media":"","overlay-type":"","overlay-color":"","overlay-opacity":"","overlay-gradient":""}}},"product_brand":[],"product_cat":[66],"product_tag":[],"class_list":{"0":"post-17644","1":"product","2":"type-product","3":"status-publish","4":"has-post-thumbnail","6":"product_cat-anuario","7":"desktop-align-left","8":"tablet-align-left","9":"mobile-align-left","10":"ast-product-gallery-layout-horizontal-slider","11":"ast-product-gallery-with-no-image","12":"ast-magnify-disabled","14":"first","15":"instock","16":"downloadable","17":"virtual","18":"sold-individually","19":"purchasable","20":"product-type-simple"},"acf":[],"_links":{"self":[{"href":"https:\/\/colcapital.org\/ventas\/en\/wp-json\/wp\/v2\/product\/17644","targetHints":{"allow":["GET"]}}],"collection":[{"href":"https:\/\/colcapital.org\/ventas\/en\/wp-json\/wp\/v2\/product"}],"about":[{"href":"https:\/\/colcapital.org\/ventas\/en\/wp-json\/wp\/v2\/types\/product"}],"wp:featuredmedia":[{"embeddable":true,"href":"https:\/\/colcapital.org\/ventas\/en\/wp-json\/wp\/v2\/media\/19099"}],"wp:attachment":[{"href":"https:\/\/colcapital.org\/ventas\/en\/wp-json\/wp\/v2\/media?parent=17644"}],"wp:term":[{"taxonomy":"product_brand","embeddable":true,"href":"https:\/\/colcapital.org\/ventas\/en\/wp-json\/wp\/v2\/product_brand?post=17644"},{"taxonomy":"product_cat","embeddable":true,"href":"https:\/\/colcapital.org\/ventas\/en\/wp-json\/wp\/v2\/product_cat?post=17644"},{"taxonomy":"product_tag","embeddable":true,"href":"https:\/\/colcapital.org\/ventas\/en\/wp-json\/wp\/v2\/product_tag?post=17644"}],"curies":[{"name":"wp","href":"https:\/\/api.w.org\/{rel}","templated":true}]}}