{"id":16348,"date":"2024-01-19T14:24:23","date_gmt":"2024-01-19T14:24:23","guid":{"rendered":"https:\/\/colcapital.org\/ventas\/?page_id=16348"},"modified":"2025-01-22T16:29:51","modified_gmt":"2025-01-22T21:29:51","slug":"terminos-y-condiciones","status":"publish","type":"page","link":"https:\/\/colcapital.org\/ventas\/en\/terminos-y-condiciones\/","title":{"rendered":"Terms and Conditions"},"content":{"rendered":"<p>\u20071.\u2060 \u2060El c\u00f3digo de descuento proporcionado est\u00e1 destinado exclusivamente para miembros del gremio, startups y otros invitados especiales que lo reciben directamente por ColCapital <\/p>\n\n\n\n<p>\u20072.\u2060 \u2060La utilizaci\u00f3n de este c\u00f3digo de descuento est\u00e1 sujeta a la verificaci\u00f3n de la afiliaci\u00f3n a ColCapital. Si se identifica que el usuario no cumple con los criterios mencionados, nos reservamos el derecho de no aceptar su participaci\u00f3n o solicitar el saldo restante <\/p>\n\n\n\n<p>\u20073.\u2060 \u2060El c\u00f3digo de descuento es de uso personal e intransferible. Compartirlo con terceros sin autorizaci\u00f3n expresa puede resultar en la cancelaci\u00f3n de su participaci\u00f3n en el evento.<\/p>\n\n\n\n<p>Agradecemos su comprensi\u00f3n y colaboraci\u00f3n para mantener la integridad de nuestro proceso de registro<\/p>\n\n\n\n<p><\/p>\n\n\n\n<p>4. La Asociaci\u00f3n Colombiana de Capital Privado &#8211; ColCapital no se hace responsable de hacer reembolsos de las entradas compradas por su empresa. Esto incluye los casos en los que, siendo miembro, no se haya utilizado el c\u00f3digo de descuento disponible.<\/p>\n\n\n\n<p>5. Pol\u00edtica de fotograf\u00eda, v\u00eddeo y grabaci\u00f3n: La asistencia o participaci\u00f3n en el 8vo Congreso de Capital Privado y Capital Emprendedor constituye el consentimiento para el uso y distribuci\u00f3n por parte de ColCapital de la imagen o voz del asistente con fines informativos, publicitarios, y\/o promocionales en comunicaciones impresas o electr\u00f3nicas.<\/p>\n\n\n\n<p>6. La inscripci\u00f3n en el 8vo Congreso de Capital Privado y Capital Emprendedor constituye el consentimiento para ser incluido en todas las listas de inscripci\u00f3n por nombre, cargo y empresa. ColCapital respeta su privacidad y no comparte informaci\u00f3n de contacto fuera de la organizaci\u00f3n.<\/p>","protected":false},"excerpt":{"rendered":"<p>\u20071.\u2060 \u2060El c\u00f3digo de descuento proporcionado est\u00e1 destinado exclusivamente para miembros del gremio, startups y otros invitados especiales que lo reciben directamente por ColCapital \u20072.\u2060 \u2060La utilizaci\u00f3n de este c\u00f3digo de descuento est\u00e1 sujeta a la verificaci\u00f3n de la afiliaci\u00f3n a ColCapital. Si se identifica que el usuario no cumple con los criterios mencionados, nos [&hellip;]<\/p>","protected":false},"author":1,"featured_media":0,"parent":0,"menu_order":0,"comment_status":"closed","ping_status":"closed","template":"","meta":{"_acf_changed":false,"_monsterinsights_skip_tracking":false,"_monsterinsights_sitenote_active":false,"_monsterinsights_sitenote_note":"","_monsterinsights_sitenote_category":0,"_uf_show_specific_survey":0,"_uf_disable_surveys":false,"site-sidebar-layout":"default","site-content-layout":"","ast-site-content-layout":"default","site-content-style":"default","site-sidebar-style":"default","ast-global-header-display":"","ast-banner-title-visibility":"","ast-main-header-display":"","ast-hfb-above-header-display":"","ast-hfb-below-header-display":"","ast-hfb-mobile-header-display":"","site-post-title":"","ast-breadcrumbs-content":"","ast-featured-img":"","footer-sml-layout":"","theme-transparent-header-meta":"","adv-header-id-meta":"","stick-header-meta":"","header-above-stick-meta":"","header-main-stick-meta":"","header-below-stick-meta":"","astra-migrate-meta-layouts":"set","ast-page-background-enabled":"default","ast-page-background-meta":{"desktop":{"background-color":"","background-image":"","background-repeat":"repeat","background-position":"center center","background-size":"auto","background-attachment":"scroll","background-type":"","background-media":"","overlay-type":"","overlay-color":"","overlay-opacity":"","overlay-gradient":""},"tablet":{"background-color":"","background-image":"","background-repeat":"repeat","background-position":"center center","background-size":"auto","background-attachment":"scroll","background-type":"","background-media":"","overlay-type":"","overlay-color":"","overlay-opacity":"","overlay-gradient":""},"mobile":{"background-color":"","background-image":"","background-repeat":"repeat","background-position":"center center","background-size":"auto","background-attachment":"scroll","background-type":"","background-media":"","overlay-type":"","overlay-color":"","overlay-opacity":"","overlay-gradient":""}},"ast-content-background-meta":{"desktop":{"background-color":"var(--ast-global-color-5)","background-image":"","background-repeat":"repeat","background-position":"center center","background-size":"auto","background-attachment":"scroll","background-type":"","background-media":"","overlay-type":"","overlay-color":"","overlay-opacity":"","overlay-gradient":""},"tablet":{"background-color":"var(--ast-global-color-5)","background-image":"","background-repeat":"repeat","background-position":"center center","background-size":"auto","background-attachment":"scroll","background-type":"","background-media":"","overlay-type":"","overlay-color":"","overlay-opacity":"","overlay-gradient":""},"mobile":{"background-color":"var(--ast-global-color-5)","background-image":"","background-repeat":"repeat","background-position":"center center","background-size":"auto","background-attachment":"scroll","background-type":"","background-media":"","overlay-type":"","overlay-color":"","overlay-opacity":"","overlay-gradient":""}},"footnotes":""},"class_list":["post-16348","page","type-page","status-publish","hentry"],"acf":[],"_links":{"self":[{"href":"https:\/\/colcapital.org\/ventas\/en\/wp-json\/wp\/v2\/pages\/16348","targetHints":{"allow":["GET"]}}],"collection":[{"href":"https:\/\/colcapital.org\/ventas\/en\/wp-json\/wp\/v2\/pages"}],"about":[{"href":"https:\/\/colcapital.org\/ventas\/en\/wp-json\/wp\/v2\/types\/page"}],"author":[{"embeddable":true,"href":"https:\/\/colcapital.org\/ventas\/en\/wp-json\/wp\/v2\/users\/1"}],"replies":[{"embeddable":true,"href":"https:\/\/colcapital.org\/ventas\/en\/wp-json\/wp\/v2\/comments?post=16348"}],"version-history":[{"count":5,"href":"https:\/\/colcapital.org\/ventas\/en\/wp-json\/wp\/v2\/pages\/16348\/revisions"}],"predecessor-version":[{"id":18416,"href":"https:\/\/colcapital.org\/ventas\/en\/wp-json\/wp\/v2\/pages\/16348\/revisions\/18416"}],"wp:attachment":[{"href":"https:\/\/colcapital.org\/ventas\/en\/wp-json\/wp\/v2\/media?parent=16348"}],"curies":[{"name":"wp","href":"https:\/\/api.w.org\/{rel}","templated":true}]}}